{"id":4796,"date":"2015-11-25T07:32:41","date_gmt":"2015-11-25T07:32:41","guid":{"rendered":"http:\/\/smartyschool.stylemixthemes.com\/?page_id=19"},"modified":"2026-02-12T14:15:04","modified_gmt":"2026-02-12T13:15:04","slug":"home","status":"publish","type":"page","link":"https:\/\/lescanaillousn.com\/","title":{"rendered":"Accueil"},"content":{"rendered":"<div class=\"wpb-content-wrapper\"><p>[vc_row css=&#8221;.vc_custom_1474549215091{margin-bottom: 81px !important;}&#8221;][vc_column][rev_slider_vc alias=&#8221;home&#8221;][\/vc_column][\/vc_row][vc_row css=&#8221;.vc_custom_1475589360749{margin-bottom: 70px !important;}&#8221;][vc_column css_animation=&#8221;zoomIn&#8221;][stm_title title_align=&#8221;center&#8221; title=&#8221;Nos valeurs fondamentales&#8221; title_margin_b=&#8221;31px&#8221;][\/stm_title][vc_row_inner][vc_column_inner width=&#8221;1\/2&#8243; offset=&#8221;vc_col-lg-3 vc_col-md-6 vc_col-xs-12&#8243; css=&#8221;.vc_custom_1475589305430{margin-bottom: 30px !important;}&#8221;][stm_action_box text_alignment=&#8221;center&#8221; cta_bg_color=&#8221;custom&#8221; cta_text_color=&#8221;yellow&#8221; img_id=&#8221;4940&#8243; title=&#8221;Bienveillance&#8221; action_box_link=&#8221;|||&#8221; content_color_custom=&#8221;#dd9933&#8243; content_bg_color_custom=&#8221;#E1007B&#8221; css=&#8221;.vc_custom_1769988369429{padding-top: 0px !important;padding-right: 0px !important;padding-bottom: 0px !important;padding-left: 0px !important;}&#8221;]Chaque enfant est accueilli avec respect, \u00e9coute et douceur. Nous cr\u00e9ons un climat s\u00e9curisant o\u00f9 chacun se sent aim\u00e9.[\/stm_action_box][\/vc_column_inner][vc_column_inner width=&#8221;1\/2&#8243; offset=&#8221;vc_col-lg-3 vc_col-md-6 vc_col-xs-12&#8243; css=&#8221;.vc_custom_1475589313158{margin-bottom: 30px !important;}&#8221;][stm_action_box text_alignment=&#8221;center&#8221; cta_bg_color=&#8221;custom&#8221; cta_text_color=&#8221;yellow&#8221; img_id=&#8221;4942&#8243; title=&#8221;\u00c9panouissement&#8221; action_box_link=&#8221;|||&#8221; content_color_custom=&#8221;#dd9933&#8243; content_bg_color_custom=&#8221;#0194AA&#8221;]Nous favorisons le d\u00e9veloppement global de l\u2019enfant \u00e0 travers, la cr\u00e9ativit\u00e9 et les activit\u00e9s \u00e9ducatives.[\/stm_action_box][\/vc_column_inner][vc_column_inner width=&#8221;1\/2&#8243; offset=&#8221;vc_col-lg-3 vc_col-md-6 vc_col-xs-12&#8243; css=&#8221;.vc_custom_1475589322878{margin-bottom: 30px !important;}&#8221;][stm_action_box text_alignment=&#8221;center&#8221; cta_bg_color=&#8221;custom&#8221; cta_text_color=&#8221;yellow&#8221; img_id=&#8221;4941&#8243; title=&#8221;Respect et Vivre-ensemble&#8221; action_box_link=&#8221;|||&#8221; content_color_custom=&#8221;#dd9933&#8243; content_bg_color_custom=&#8221;#F39300&#8243;]Nous cultivons le respect mutuel, le partage et la solidarit\u00e9 afin de devenir des citoyens responsables et bienveillants.[\/stm_action_box][\/vc_column_inner][vc_column_inner width=&#8221;1\/2&#8243; offset=&#8221;vc_col-lg-3 vc_col-md-6 vc_col-xs-12&#8243; css=&#8221;.vc_custom_1475589328742{margin-bottom: 30px !important;}&#8221;][stm_action_box text_alignment=&#8221;center&#8221; cta_bg_color=&#8221;custom&#8221; cta_text_color=&#8221;yellow&#8221; img_id=&#8221;4944&#8243; title=&#8221;Excellence \u00e9ducative&#8221; action_box_link=&#8221;|||&#8221; content_color_custom=&#8221;#dd9933&#8243; content_bg_color_custom=&#8221;#C1D462&#8243;]Les Canaillous s\u2019engagent \u00e0 offrir une \u00e9ducation de qualit\u00e9 alliant rigueur acad\u00e9mique et p\u00e9dagogie active.[\/stm_action_box][\/vc_column_inner][\/vc_row_inner][\/vc_column][\/vc_row][vc_row full_width=&#8221;stretch_row_content_no_spaces&#8221; css=&#8221;.vc_custom_1476702747323{margin-bottom: 46px !important;padding-top: 0px !important;background-color: #fff9f2 !important;}&#8221;][vc_column css_animation=&#8221;fadeInLeft&#8221; width=&#8221;1\/3&#8243; css=&#8221;.vc_custom_1769954390986{margin-left: -44px !important;padding-top: 0px !important;padding-bottom: 0px !important;background: #dd9933 url(https:\/\/lescanaillousn.com\/wp-content\/uploads\/2026\/01\/YRT-scaled.jpg?id=4858) !important;background-position: center !important;background-repeat: no-repeat !important;background-size: cover !important;}&#8221; offset=&#8221;vc_col-lg-5 vc_hidden-md vc_hidden-sm vc_hidden-xs&#8221;][stm_spacing lg_spacing=&#8221;640px&#8221;][\/vc_column][vc_column css_animation=&#8221;fadeInRight&#8221; css=&#8221;.vc_custom_1769954430970{padding-top: 70px !important;padding-bottom: 50px !important;padding-left: 16px !important;}&#8221; offset=&#8221;vc_col-lg-7 vc_col-md-12 vc_col-xs-12&#8243; el_class=&#8221;max-width-720&#8243;][stm_title title=&#8221;Programmes \u00e9ducatifs intelligents&#8221; title_margin_b=&#8221;36px&#8221;][\/stm_title][vc_row_inner][vc_column_inner width=&#8221;1\/2&#8243; css=&#8221;.vc_custom_1474552895715{margin-bottom: 7px !important;padding-right: 0px !important;}&#8221;][stm_icon_box view_style=&#8221;style-4&#8243; icon_color=&#8221;custom&#8221; title=&#8221;CR\u00c8CHE (0 \u2013 3 ans)&#8221; descr=&#8221;Nursery \/ B\u00e9b\u00e9 : 0 \u2013 12 mois<br \/>\nPetite Cr\u00e8che : 1 \u2013 2 ans<br \/>\nMoyenne Cr\u00e8che : 2 \u2013 3 ans&#8221; icon_size=&#8221;63px&#8221; icon_fontawesome=&#8221;fas fa-baby&#8221; icon_color_custom=&#8221;#95cc47&#8243;][\/vc_column_inner][vc_column_inner width=&#8221;1\/2&#8243; css=&#8221;.vc_custom_1474552901664{margin-bottom: 7px !important;padding-left: 0px !important;}&#8221;][stm_icon_box view_style=&#8221;style-4&#8243; icon_color=&#8221;custom&#8221; title=&#8221;MATERNELLE (3 \u2013 6 ans)&#8221; descr=&#8221;Petite Section (PS) : 3 \u2013 4 ans<br \/>\nMoyenne Section (MS) : 4 \u2013 5 ans<br \/>\nGrande Section (GS) : 5 \u2013 6 ans&#8221; icon_size=&#8221;65px&#8221; icon_color_custom=&#8221;#62abf5&#8243; icon_fontawesome=&#8221;fas fa-child&#8221;][\/vc_column_inner][\/vc_row_inner][vc_row_inner][vc_column_inner width=&#8221;1\/2&#8243; css=&#8221;.vc_custom_1474552929369{margin-bottom: 7px !important;padding-right: 0px !important;}&#8221;][stm_icon_box view_style=&#8221;style-4&#8243; icon_color=&#8221;custom&#8221; title=&#8221;CYCLE 2 \u2013 Apprentissages fondamentaux&#8221; descr=&#8221;CP : 6 \u2013 7 ans<br \/>\nCE1 : 7 \u2013 8 ans<br \/>\nCE2 : 8 \u2013 9 ans&#8221; icon_size=&#8221;70px&#8221; icon_color_custom=&#8221;#ffaf40&#8243; icon_fontawesome=&#8221;stmlms-books_cl&#8221; top_indent=&#8221;-5px&#8221;][\/vc_column_inner][vc_column_inner width=&#8221;1\/2&#8243; css=&#8221;.vc_custom_1474552934057{margin-bottom: 7px !important;padding-left: 0px !important;}&#8221;][stm_icon_box view_style=&#8221;style-4&#8243; icon_color=&#8221;custom&#8221; title=&#8221;CYCLE 3 \u2013 Consolidation&#8221; descr=&#8221;CM1 : 9 \u2013 10 ans<br \/>\nCM2 : 10 \u2013 11 ans&#8221; icon_size=&#8221;63px&#8221; icon_color_custom=&#8221;#95cc47&#8243; icon_fontawesome=&#8221;fas fa-graduation-cap&#8221; top_indent=&#8221;-3px&#8221;][\/vc_column_inner][\/vc_row_inner][\/vc_column][\/vc_row][vc_row css=&#8221;.vc_custom_1474643945562{margin-bottom: 70px !important;}&#8221;][vc_column css_animation=&#8221;fadeInUp&#8221;][stm_title title_align=&#8221;center&#8221; title=&#8221;Cycles Scolaires&#8221; title_margin_b=&#8221;41px&#8221;][\/stm_title][stm_courses view=&#8221;carousel&#8221; courses_category=&#8221;0&#8243;][\/vc_column][\/vc_row][vc_row full_width=&#8221;stretch_row&#8221; css=&#8221;.vc_custom_1474557281980{padding-top: 35px !important;padding-bottom: 50px !important;background-color: #fff9f2 !important;}&#8221;][vc_column css_animation=&#8221;flipInX&#8221; offset=&#8221;vc_col-lg-6 vc_col-md-6 vc_col-xs-12&#8243;][stm_title title=&#8221;Centre de loisirs&#8221; title_margin_b=&#8221;26px&#8221;][\/stm_title][vc_column_text css=&#8221;.vc_custom_1770840329014{margin-bottom: 32px !important;}&#8221;]Cours de natation, Arts culinaires, Art plastiques Jardinage, Poteries, Jeux Educatifs[\/vc_column_text][vc_row_inner][vc_column_inner width=&#8221;1\/2&#8243; css=&#8221;.vc_custom_1474557006978{margin-bottom: 35px !important;}&#8221;][stm_icon_box icon_type=&#8221;img&#8221; img_id=&#8221;4851&#8243; icon_size=&#8221;200px&#8221; title=&#8221;Full Day Sessions&#8221; title_link=&#8221;|||&#8221;][\/vc_column_inner][vc_column_inner width=&#8221;1\/2&#8243; css=&#8221;.vc_custom_1474557013077{margin-bottom: 35px !important;}&#8221;][stm_icon_box icon_type=&#8221;img&#8221; img_id=&#8221;4852&#8243; icon_size=&#8221;200px&#8221; title=&#8221;Online Access&#8221; title_link=&#8221;|||&#8221;][\/vc_column_inner][\/vc_row_inner][vc_row_inner][vc_column_inner width=&#8221;1\/2&#8243; css=&#8221;.vc_custom_1474557018657{margin-bottom: 35px !important;}&#8221;][stm_icon_box icon_type=&#8221;img&#8221; img_id=&#8221;4856&#8243; title=&#8221;Varied Classes&#8221; title_link=&#8221;|||&#8221; icon_size=&#8221;200px&#8221;][\/vc_column_inner][vc_column_inner width=&#8221;1\/2&#8243;][stm_icon_box icon_type=&#8221;img&#8221; img_id=&#8221;4854&#8243; icon_size=&#8221;200px&#8221; title=&#8221;Friendly Place&#8221; title_link=&#8221;|||&#8221;][\/vc_column_inner][\/vc_row_inner][\/vc_column][vc_column css_animation=&#8221;flipInX&#8221; width=&#8221;1\/2&#8243; css=&#8221;.vc_custom_1769954547928{padding-top: 65px !important;padding-left: 55px !important;}&#8221; offset=&#8221;vc_hidden-sm vc_hidden-xs&#8221;][vc_column_text css=&#8221;&#8221;]&nbsp;<\/p>\n<p>&nbsp;[\/vc_column_text][stm_single_image img_alignment=&#8221;right&#8221; img_responsive_enable=&#8221;true&#8221; img_border_radius=&#8221;true&#8221; img_id=&#8221;4855&#8243;][\/vc_column][\/vc_row][vc_row css=&#8221;.vc_custom_1474623624998{padding-top: 47px !important;padding-bottom: 70px !important;}&#8221;][vc_column css_animation=&#8221;zoomIn&#8221;][stm_title title_align=&#8221;center&#8221; title=&#8221;Actualit\u00e9s&#8221; title_margin_b=&#8221;41px&#8221;][\/stm_title][stm_posts view=&#8221;grid&#8221; posts_category=&#8221;0&#8243; posts_count=&#8221;3&#8243;][\/vc_column][\/vc_row][vc_row full_width=&#8221;stretch_row&#8221; css=&#8221;.vc_custom_1474621966648{padding-top: 0px !important;background-color: #bd66ff !important;}&#8221;][vc_column css_animation=&#8221;flipInX&#8221; css=&#8221;.vc_custom_1770028764548{padding-top: 2px !important;}&#8221;][stm_call_to_action btn_link=&#8221;url:https%3A%2F%2Flescanaillousn.com%2F%3Fpage_id%3D4956|title:Postulez&#8221;]<\/p>\n<h2 style=\"font-weight: 400;\"><span style=\"color: #ffffff;\">Postuler pour une admission<\/span><\/h2>\n<p>[\/stm_call_to_action][\/vc_column][\/vc_row][vc_row full_width=&#8221;stretch_row&#8221; css=&#8221;.vc_custom_1474632924435{padding-top: 45px !important;padding-bottom: 93px !important;background-color: #fff9f2 !important;}&#8221;][vc_column offset=&#8221;vc_col-lg-4 vc_col-md-6&#8243;][stm_action_box style=&#8221;caption&#8221; title=&#8221;Inscriptions&#8221; action_box_link=&#8221;url:https%3A%2F%2Flescanaillousn.com%2F%3Fpage_id%3D4956|title:VOIR-D%C3%89TAILS|target:_blank&#8221; img_id=&#8221;4946&#8243;]Rejoindre Les Canaillous, c\u2019est offrir \u00e0 votre enfant un cadre \u00e9ducatif bienveillant, structur\u00e9 et propice \u00e0 la r\u00e9ussite scolaire et \u00e0 l\u2019\u00e9panouissement personnel.[\/stm_action_box][\/vc_column][vc_column css_animation=&#8221;fadeInUp&#8221; offset=&#8221;vc_col-lg-4 vc_col-md-6&#8243;][\/vc_column][vc_column offset=&#8221;vc_col-lg-4 vc_col-md-12&#8243;][stm_action_box style=&#8221;caption&#8221; title=&#8221;Galerie&#8221; action_box_link=&#8221;url:https%3A%2F%2Flescanaillousn.com%2F%3Fpage_id%3D1370|title:VOIR-D%C3%89TAILS&#8221; img_id=&#8221;4885&#8243;]\u00c0 travers cette galerie, plongez au c\u0153ur du quotidien de nos \u00e9l\u00e8ves. Vous y trouverez des instants d\u2019apprentissage, de partage, de jeux, de d\u00e9couvertes et de c\u00e9l\u00e9brations.[\/stm_action_box][\/vc_column][\/vc_row]<\/p>\n<\/div>","protected":false},"excerpt":{"rendered":"<p>[vc_row css=&#8221;.vc_custom_1474549215091{margin-bottom: 81px !important;}&#8221;][vc_column][rev_slider_vc alias=&#8221;home&#8221;][\/vc_column][\/vc_row][vc_row css=&#8221;.vc_custom_1475589360749{margin-bottom: 70px !important;}&#8221;][vc_column css_animation=&#8221;zoomIn&#8221;][stm_title title_align=&#8221;center&#8221; title=&#8221;Nos valeurs fondamentales&#8221; title_margin_b=&#8221;31px&#8221;][\/stm_title][vc_row_inner][vc_column_inner width=&#8221;1\/2&#8243; offset=&#8221;vc_col-lg-3 vc_col-md-6 vc_col-xs-12&#8243; css=&#8221;.vc_custom_1475589305430{margin-bottom: 30px !important;}&#8221;][stm_action_box text_alignment=&#8221;center&#8221; cta_bg_color=&#8221;custom&#8221; cta_text_color=&#8221;yellow&#8221; img_id=&#8221;4940&#8243; title=&#8221;Bienveillance&#8221; action_box_link=&#8221;|||&#8221; content_color_custom=&#8221;#dd9933&#8243; content_bg_color_custom=&#8221;#E1007B&#8221; css=&#8221;.vc_custom_1769988369429{padding-top: 0px !important;padding-right: 0px !important;padding-bottom: 0px !important;padding-left: 0px !important;}&#8221;]Chaque enfant est accueilli avec respect, \u00e9coute et douceur. Nous cr\u00e9ons un climat s\u00e9curisant o\u00f9 chacun se sent [&hellip;]<\/p>\n","protected":false},"author":1,"featured_media":0,"parent":0,"menu_order":0,"comment_status":"closed","ping_status":"closed","template":"","meta":{"footnotes":""},"class_list":["post-4796","page","type-page","status-publish","hentry"],"_links":{"self":[{"href":"https:\/\/lescanaillousn.com\/index.php?rest_route=\/wp\/v2\/pages\/4796","targetHints":{"allow":["GET"]}}],"collection":[{"href":"https:\/\/lescanaillousn.com\/index.php?rest_route=\/wp\/v2\/pages"}],"about":[{"href":"https:\/\/lescanaillousn.com\/index.php?rest_route=\/wp\/v2\/types\/page"}],"author":[{"embeddable":true,"href":"https:\/\/lescanaillousn.com\/index.php?rest_route=\/wp\/v2\/users\/1"}],"replies":[{"embeddable":true,"href":"https:\/\/lescanaillousn.com\/index.php?rest_route=%2Fwp%2Fv2%2Fcomments&post=4796"}],"version-history":[{"count":39,"href":"https:\/\/lescanaillousn.com\/index.php?rest_route=\/wp\/v2\/pages\/4796\/revisions"}],"predecessor-version":[{"id":5033,"href":"https:\/\/lescanaillousn.com\/index.php?rest_route=\/wp\/v2\/pages\/4796\/revisions\/5033"}],"wp:attachment":[{"href":"https:\/\/lescanaillousn.com\/index.php?rest_route=%2Fwp%2Fv2%2Fmedia&parent=4796"}],"curies":[{"name":"wp","href":"https:\/\/api.w.org\/{rel}","templated":true}]}}